{"id":1513,"date":"2017-10-03T20:13:47","date_gmt":"2017-10-03T20:13:47","guid":{"rendered":"https:\/\/anguloetiquetas.com.br\/?page_id=1513"},"modified":"2017-10-16T00:37:07","modified_gmt":"2017-10-16T00:37:07","slug":"circuito-flexivel","status":"publish","type":"page","link":"https:\/\/anguloetiquetas.com.br\/index.php\/circuito-flexivel\/","title":{"rendered":"Circuito flexivel"},"content":{"rendered":"<p>[vc_row][vc_column width=&#8221;1\/2&#8243;][vc_single_image image=&#8221;1640&#8243; img_size=&#8221;large&#8221;][\/vc_column][vc_column width=&#8221;1\/2&#8243;][vc_column_text]Utilizado em aplica\u00e7\u00f5es que requerem leveza e flexibilidade.<\/p>\n<p>Os circuitos flex\u00edveis s\u00e3o compostos por camadas de poly\u00e9ster com impress\u00e3o de pasta condutiva de prata. N\u00e3o possuem o painel ilustrativo pois os contatos s\u00e3o fechados por um conjunto mec\u00e2nico de teclas r\u00edgidas ou de silicone.<\/p>\n<p>Estes circuitos s\u00e3o tamb\u00e9m denominados como de PDV (ponto-de-venda) pois geralmente s\u00e3o empregados em equipamentos da \u00e1rea de automa\u00e7\u00e3o comercial (coletores de dados, contadores, microterminais, impressoras).[\/vc_column_text][vc_btn title=&#8221;Or\u00e7amento&#8221;][\/vc_column][\/vc_row][vc_row][vc_column][stm_spacing][\/vc_column][\/vc_row][vc_row][vc_column][vc_tta_tabs][vc_tta_section title=&#8221;LED SMD&#8221; tab_id=&#8221;1507062053059-6e549090-6f73&#8243;][vc_column_text]Com apenas 0,35mm de espessura, proporciona o retorno visual ao toque de uma determinada tecla ou fun\u00e7\u00e3o.<\/p>\n<p>[\/vc_column_text][vc_single_image image=&#8221;1641&#8243; img_size=&#8221;large&#8221;][\/vc_tta_section][vc_tta_section title=&#8221;Calota Met\u00e1lica Com LED&#8221; tab_id=&#8221;1507062053060-1e9f2415-c09e&#8221;][vc_column_text]Possuem a fun\u00e7\u00e3o de \u201cfechar\u201d o contato no teclado de membrana, ao mesmo tempo em que proporciona o click (feedback t\u00e1til).[\/vc_column_text][vc_single_image image=&#8221;1631&#8243; img_size=&#8221;large&#8221;][\/vc_tta_section][\/vc_tta_tabs][\/vc_column][\/vc_row][vc_row full_width=&#8221;stretch_row&#8221; el_class=&#8221;third_bg_color&#8221; css=&#8221;.vc_custom_1451889219674{margin-bottom: -60px !important;}&#8221;][vc_column][vc_cta h2=&#8221;Entre em contato para mais detalhes&#8221; h2_font_container=&#8221;font_size:20px|color:%23000000|line_height:24px&#8221; h2_use_theme_fonts=&#8221;yes&#8221; shape=&#8221;square&#8221; style=&#8221;flat&#8221; add_button=&#8221;right&#8221; btn_title=&#8221;Or\u00e7amento&#8221; btn_style=&#8221;flat&#8221; btn_color=&#8221;theme_style_2&#8243; btn_align=&#8221;right&#8221; btn_i_align=&#8221;right&#8221; btn_i_icon_fontawesome=&#8221;fa fa-chevron-right&#8221; use_custom_fonts_h2=&#8221;true&#8221; btn_button_block=&#8221;true&#8221; btn_add_icon=&#8221;true&#8221; el_class=&#8221;third_bg_color&#8221; css=&#8221;.vc_custom_1508114206496{margin-bottom: 0px !important;}&#8221; btn_link=&#8221;url:https%3A%2F%2Fanguloetiquetas.com.br%2Findex.php%2Fcontato%2F|||&#8221;][\/vc_cta][\/vc_column][\/vc_row]<\/p>\n","protected":false},"excerpt":{"rendered":"<p>[vc_row][vc_column width=&#8221;1\/2&#8243;][vc_single_image image=&#8221;1640&#8243; img_size=&#8221;large&#8221;][\/vc_column][vc_column width=&#8221;1\/2&#8243;][vc_column_text]Utilizado em aplica\u00e7\u00f5es que requerem leveza e flexibilidade. Os circuitos flex\u00edveis s\u00e3o compostos por camadas de poly\u00e9ster com impress\u00e3o de pasta condutiva de prata. N\u00e3o possuem o painel ilustrativo pois os contatos s\u00e3o fechados por um conjunto mec\u00e2nico de teclas r\u00edgidas ou de silicone. Estes circuitos s\u00e3o tamb\u00e9m denominados como de<\/p>\n","protected":false},"author":1,"featured_media":0,"parent":0,"menu_order":0,"comment_status":"closed","ping_status":"closed","template":"","meta":{"footnotes":""},"class_list":["post-1513","page","type-page","status-publish","hentry"],"_links":{"self":[{"href":"https:\/\/anguloetiquetas.com.br\/index.php\/wp-json\/wp\/v2\/pages\/1513","targetHints":{"allow":["GET"]}}],"collection":[{"href":"https:\/\/anguloetiquetas.com.br\/index.php\/wp-json\/wp\/v2\/pages"}],"about":[{"href":"https:\/\/anguloetiquetas.com.br\/index.php\/wp-json\/wp\/v2\/types\/page"}],"author":[{"embeddable":true,"href":"https:\/\/anguloetiquetas.com.br\/index.php\/wp-json\/wp\/v2\/users\/1"}],"replies":[{"embeddable":true,"href":"https:\/\/anguloetiquetas.com.br\/index.php\/wp-json\/wp\/v2\/comments?post=1513"}],"version-history":[{"count":10,"href":"https:\/\/anguloetiquetas.com.br\/index.php\/wp-json\/wp\/v2\/pages\/1513\/revisions"}],"predecessor-version":[{"id":1668,"href":"https:\/\/anguloetiquetas.com.br\/index.php\/wp-json\/wp\/v2\/pages\/1513\/revisions\/1668"}],"wp:attachment":[{"href":"https:\/\/anguloetiquetas.com.br\/index.php\/wp-json\/wp\/v2\/media?parent=1513"}],"curies":[{"name":"wp","href":"https:\/\/api.w.org\/{rel}","templated":true}]}}