{"id":1516,"date":"2017-10-03T20:24:12","date_gmt":"2017-10-03T20:24:12","guid":{"rendered":"https:\/\/anguloetiquetas.com.br\/?page_id=1516"},"modified":"2017-10-16T00:42:48","modified_gmt":"2017-10-16T00:42:48","slug":"painel-frontal","status":"publish","type":"page","link":"https:\/\/anguloetiquetas.com.br\/index.php\/painel-frontal\/","title":{"rendered":"Painel frontal"},"content":{"rendered":"<p>[vc_row][vc_column width=&#8221;1\/2&#8243;][vc_single_image image=&#8221;1638&#8243; img_size=&#8221;large&#8221;][\/vc_column][vc_column width=&#8221;1\/2&#8243;][vc_column_text]Proporciona melhor interface visual entre o aparelho e o utilizador.<\/p>\n<p>Os pain\u00e9is de acabamento podem ser impressos em substratos de policarbonato ou poli\u00e9ster, ambos recebem a impress\u00e3o pelo verso, ficando protegido contra riscos e desgastes.<\/p>\n<p>Os pain\u00e9is em policarbonato se caracterizam pela clareza \u00f3ptica e for\u00e7a mec\u00e2nica. Oferecem resist\u00eancia t\u00e9rmica e estabilidade dimensional.<\/p>\n<p>Os pain\u00e9is em poli\u00e9ster oferecem maior resist\u00eancia mec\u00e2nica e tamb\u00e9m \u00e0 alguns solventes.[\/vc_column_text][vc_btn title=&#8221;Or\u00e7amento&#8221;][\/vc_column][\/vc_row][vc_row][vc_column][stm_spacing][\/vc_column][\/vc_row][vc_row][vc_column][vc_tta_tabs][vc_tta_section title=&#8221;Relevo&#8221; tab_id=&#8221;1507062053059-6e549090-6f73&#8243;][vc_column_text]Proporciona maior sensibilidade das teclas.[\/vc_column_text][vc_single_image image=&#8221;1630&#8243; img_size=&#8221;large&#8221;][vc_empty_space][\/vc_tta_section][vc_tta_section title=&#8221;Textura Seletiva&#8221; tab_id=&#8221;1507062053060-1e9f2415-c09e&#8221;][vc_text_separator][vc_column_text]O policarbonato originalmente \u00e9 liso e com a textura seletiva \u00e9 possivel deixar com aspecto mais poroso[\/vc_column_text][vc_single_image image=&#8221;1634&#8243; img_size=&#8221;large&#8221;][\/vc_tta_section][vc_tta_section title=&#8221;Bolsa&#8221; tab_id=&#8221;1507744479049-c3055a4f-dc8a&#8221;][vc_column_text]Bolsa para passagem de tarjetas. Pode-ser customizar as teclas com palavras ou \u00edcones.[\/vc_column_text][vc_single_image image=&#8221;1632&#8243; img_size=&#8221;large&#8221;][\/vc_tta_section][vc_tta_section title=&#8221;Fosforescente&#8221; tab_id=&#8221;1507744481941-e2ae6b1e-d49c&#8221;][vc_column_text]Trata-se de uma tinta com base vin\u00edlica feita com pigmento que acumula luz. Para que isso aconte\u00e7a \u00e9 necess\u00e1rio uma fonte de luz tempor\u00e1ria a fim de que a impress\u00e3o seja ativada e emita luminosidade no escuro.[\/vc_column_text][vc_single_image image=&#8221;1636&#8243; img_size=&#8221;large&#8221;][\/vc_tta_section][\/vc_tta_tabs][\/vc_column][\/vc_row]<\/p>\n<p>&nbsp;<\/p>\n<p>[vc_row full_width=&#8221;stretch_row&#8221; el_class=&#8221;third_bg_color&#8221; css=&#8221;.vc_custom_1451889219674{margin-bottom: -60px !important;}&#8221;][vc_column][vc_cta h2=&#8221;Entre em contato para mais detalhes&#8221; h2_font_container=&#8221;font_size:20px|color:%23000000|line_height:24px&#8221; h2_use_theme_fonts=&#8221;yes&#8221; shape=&#8221;square&#8221; style=&#8221;flat&#8221; add_button=&#8221;right&#8221; btn_title=&#8221;Or\u00e7amento&#8221; btn_style=&#8221;flat&#8221; btn_color=&#8221;theme_style_2&#8243; btn_align=&#8221;right&#8221; btn_i_align=&#8221;right&#8221; btn_i_icon_fontawesome=&#8221;fa fa-chevron-right&#8221; use_custom_fonts_h2=&#8221;true&#8221; btn_button_block=&#8221;true&#8221; btn_add_icon=&#8221;true&#8221; el_class=&#8221;third_bg_color&#8221; css=&#8221;.vc_custom_1508113911466{margin-bottom: 0px !important;}&#8221; btn_link=&#8221;|||&#8221;][\/vc_cta][\/vc_column][\/vc_row]<\/p>\n","protected":false},"excerpt":{"rendered":"<p>[vc_row][vc_column width=&#8221;1\/2&#8243;][vc_single_image image=&#8221;1638&#8243; img_size=&#8221;large&#8221;][\/vc_column][vc_column width=&#8221;1\/2&#8243;][vc_column_text]Proporciona melhor interface visual entre o aparelho e o utilizador. Os pain\u00e9is de acabamento podem ser impressos em substratos de policarbonato ou poli\u00e9ster, ambos recebem a impress\u00e3o pelo verso, ficando protegido contra riscos e desgastes. Os pain\u00e9is em policarbonato se caracterizam pela clareza \u00f3ptica e for\u00e7a mec\u00e2nica. Oferecem resist\u00eancia t\u00e9rmica e<\/p>\n","protected":false},"author":1,"featured_media":0,"parent":0,"menu_order":0,"comment_status":"closed","ping_status":"closed","template":"","meta":{"footnotes":""},"class_list":["post-1516","page","type-page","status-publish","hentry"],"_links":{"self":[{"href":"https:\/\/anguloetiquetas.com.br\/index.php\/wp-json\/wp\/v2\/pages\/1516","targetHints":{"allow":["GET"]}}],"collection":[{"href":"https:\/\/anguloetiquetas.com.br\/index.php\/wp-json\/wp\/v2\/pages"}],"about":[{"href":"https:\/\/anguloetiquetas.com.br\/index.php\/wp-json\/wp\/v2\/types\/page"}],"author":[{"embeddable":true,"href":"https:\/\/anguloetiquetas.com.br\/index.php\/wp-json\/wp\/v2\/users\/1"}],"replies":[{"embeddable":true,"href":"https:\/\/anguloetiquetas.com.br\/index.php\/wp-json\/wp\/v2\/comments?post=1516"}],"version-history":[{"count":14,"href":"https:\/\/anguloetiquetas.com.br\/index.php\/wp-json\/wp\/v2\/pages\/1516\/revisions"}],"predecessor-version":[{"id":1671,"href":"https:\/\/anguloetiquetas.com.br\/index.php\/wp-json\/wp\/v2\/pages\/1516\/revisions\/1671"}],"wp:attachment":[{"href":"https:\/\/anguloetiquetas.com.br\/index.php\/wp-json\/wp\/v2\/media?parent=1516"}],"curies":[{"name":"wp","href":"https:\/\/api.w.org\/{rel}","templated":true}]}}