{"id":1519,"date":"2017-10-03T20:37:13","date_gmt":"2017-10-03T20:37:13","guid":{"rendered":"https:\/\/anguloetiquetas.com.br\/?page_id=1519"},"modified":"2017-10-16T00:40:36","modified_gmt":"2017-10-16T00:40:36","slug":"etiqueta-tecnica","status":"publish","type":"page","link":"https:\/\/anguloetiquetas.com.br\/index.php\/etiqueta-tecnica\/","title":{"rendered":"Etiqueta t\u00e9cnica"},"content":{"rendered":"<p>[vc_row][vc_column width=&#8221;1\/2&#8243;][vc_single_image image=&#8221;1596&#8243; img_size=&#8221;large&#8221;][\/vc_column][vc_column width=&#8221;1\/2&#8243;][vc_text_separator title=&#8221;O que s\u00e3o Etiquetas T\u00e9cnicas?&#8221; title_align=&#8221;separator_align_left&#8221;][vc_column_text]S\u00e3o pe\u00e7as com as especifica\u00e7\u00f5es t\u00e9cnicas, informa\u00e7\u00f5es sobre opera\u00e7\u00e3o e seguran\u00e7a, indica\u00e7\u00e3o de entradas e sa\u00eddas dos equipamentos.<\/p>\n<p>Podem ser confeccionados de diversas formas:<br \/>\n&#8211; Policarbonato, poli\u00e9ster, vinil, auto-destrutivel, void;<br \/>\n&#8211; Impress\u00e3o em serigrafia ou digital que permite gradiente, fotos e ilustra\u00e7\u00f5es;<br \/>\n&#8211; Dados vari\u00e1veis (n\u00fameros de s\u00e9rie ou c\u00f3digo de barras);<br \/>\n&#8211; Adesivos 3M[\/vc_column_text][vc_btn title=&#8221;Or\u00e7amento&#8221;][\/vc_column][\/vc_row][vc_row][vc_column][stm_spacing][\/vc_column][\/vc_row][vc_row][vc_column][vc_tta_tabs][vc_tta_section title=&#8221;Textura Seletiva&#8221; tab_id=&#8221;1507062053059-6e549090-6f73&#8243;][vc_column_text]O policarbonato originalmente \u00e9 liso e com a textura seletiva \u00e9 possivel deixar com aspecto mais poroso.[\/vc_column_text][vc_gallery images=&#8221;1634&#8243; img_size=&#8221;large&#8221;][\/vc_tta_section][vc_tta_section title=&#8221;Tinta Fosforescente&#8221; tab_id=&#8221;1507062053060-1e9f2415-c09e&#8221;][vc_column_text]Trata-se de uma tinta com base vin\u00edlica feita com pigmento que acumula luz. Para que isso aconte\u00e7a \u00e9 necess\u00e1rio uma fonte de luz tempor\u00e1ria a fim de que a impress\u00e3o seja ativada e emita luminosidade no escuro.[\/vc_column_text][vc_single_image image=&#8221;1636&#8243; img_size=&#8221;large&#8221;][\/vc_tta_section][\/vc_tta_tabs][\/vc_column][\/vc_row]<\/p>\n<p>&nbsp;<\/p>\n<p>[vc_row full_width=&#8221;stretch_row&#8221; el_class=&#8221;third_bg_color&#8221; css=&#8221;.vc_custom_1451889219674{margin-bottom: -60px !important;}&#8221;][vc_column][vc_cta h2=&#8221;Entre em contato para mais detalhes&#8221; h2_font_container=&#8221;font_size:20px|color:%23000000|line_height:24px&#8221; h2_use_theme_fonts=&#8221;yes&#8221; shape=&#8221;square&#8221; style=&#8221;flat&#8221; add_button=&#8221;right&#8221; btn_title=&#8221;Or\u00e7amento&#8221; btn_style=&#8221;flat&#8221; btn_color=&#8221;theme_style_2&#8243; btn_align=&#8221;right&#8221; btn_i_align=&#8221;right&#8221; btn_i_icon_fontawesome=&#8221;fa fa-chevron-right&#8221; use_custom_fonts_h2=&#8221;true&#8221; btn_button_block=&#8221;true&#8221; btn_add_icon=&#8221;true&#8221; el_class=&#8221;third_bg_color&#8221; css=&#8221;.vc_custom_1508113911466{margin-bottom: 0px !important;}&#8221; btn_link=&#8221;|||&#8221;][\/vc_cta][\/vc_column][\/vc_row]<\/p>\n","protected":false},"excerpt":{"rendered":"<p>[vc_row][vc_column width=&#8221;1\/2&#8243;][vc_single_image image=&#8221;1596&#8243; img_size=&#8221;large&#8221;][\/vc_column][vc_column width=&#8221;1\/2&#8243;][vc_text_separator title=&#8221;O que s\u00e3o Etiquetas T\u00e9cnicas?&#8221; title_align=&#8221;separator_align_left&#8221;][vc_column_text]S\u00e3o pe\u00e7as com as especifica\u00e7\u00f5es t\u00e9cnicas, informa\u00e7\u00f5es sobre opera\u00e7\u00e3o e seguran\u00e7a, indica\u00e7\u00e3o de entradas e sa\u00eddas dos equipamentos. Podem ser confeccionados de diversas formas: &#8211; Policarbonato, poli\u00e9ster, vinil, auto-destrutivel, void; &#8211; Impress\u00e3o em serigrafia ou digital que permite gradiente, fotos e ilustra\u00e7\u00f5es; &#8211; Dados vari\u00e1veis<\/p>\n","protected":false},"author":1,"featured_media":0,"parent":0,"menu_order":0,"comment_status":"closed","ping_status":"closed","template":"","meta":{"footnotes":""},"class_list":["post-1519","page","type-page","status-publish","hentry"],"_links":{"self":[{"href":"https:\/\/anguloetiquetas.com.br\/index.php\/wp-json\/wp\/v2\/pages\/1519","targetHints":{"allow":["GET"]}}],"collection":[{"href":"https:\/\/anguloetiquetas.com.br\/index.php\/wp-json\/wp\/v2\/pages"}],"about":[{"href":"https:\/\/anguloetiquetas.com.br\/index.php\/wp-json\/wp\/v2\/types\/page"}],"author":[{"embeddable":true,"href":"https:\/\/anguloetiquetas.com.br\/index.php\/wp-json\/wp\/v2\/users\/1"}],"replies":[{"embeddable":true,"href":"https:\/\/anguloetiquetas.com.br\/index.php\/wp-json\/wp\/v2\/comments?post=1519"}],"version-history":[{"count":9,"href":"https:\/\/anguloetiquetas.com.br\/index.php\/wp-json\/wp\/v2\/pages\/1519\/revisions"}],"predecessor-version":[{"id":1670,"href":"https:\/\/anguloetiquetas.com.br\/index.php\/wp-json\/wp\/v2\/pages\/1519\/revisions\/1670"}],"wp:attachment":[{"href":"https:\/\/anguloetiquetas.com.br\/index.php\/wp-json\/wp\/v2\/media?parent=1519"}],"curies":[{"name":"wp","href":"https:\/\/api.w.org\/{rel}","templated":true}]}}