{"id":9,"date":"2015-12-15T07:37:33","date_gmt":"2015-12-15T07:37:33","guid":{"rendered":"http:\/\/demo2.loc\/?page_id=9"},"modified":"2017-10-16T01:05:15","modified_gmt":"2017-10-16T01:05:15","slug":"sobre-nos","status":"publish","type":"page","link":"https:\/\/anguloetiquetas.com.br\/index.php\/sobre-nos\/","title":{"rendered":"Sobre n\u00f3s"},"content":{"rendered":"<p>[vc_row][vc_column][vc_column_text css=&#8221;.vc_custom_1507047572969{margin-top: 40px !important;}&#8221;]<\/p>\n<h3>Sobre n\u00f3s<\/h3>\n<p>A Angulo Etiquetas \u00e9 especializada na produ\u00e7\u00e3o de Teclados de Membrana, Pain\u00e9is Frontais e Etiquetas.<\/p>\n<p>Idealizada por profissionais com mais de xx anos de atua\u00e7\u00e3o na \u00e1rea de reposi\u00e7\u00e3o e desenvolvimento de pe\u00e7as que fazem a comunica\u00e7\u00e3o do homem com m\u00e1quinas e equipamentos.<\/p>\n<p>Atendemos empresas de diversas \u00e1reas de atua\u00e7\u00e3o, sendo uma refer\u00eancia nos segmentos: M\u00e9dico Hospitalar, Agr\u00edcola, Retrofitting, Rastreamento Ve\u00edcular e Flexogr\u00e1fico.<\/p>\n<p>Um grande diferencial \u00e9 a reprodu\u00e7\u00e3o fiel de pe\u00e7as j\u00e1 existentes, tornando-se uma \u00f3tima op\u00e7\u00e3o para quem possui equipamentos que j\u00e1 n\u00e3o s\u00e3o mais produzidos pelos fabricantes mas, s\u00e3o de alto valor agregado e est\u00e3o operantes.<\/p>\n<p>Temos como miss\u00e3o melhorar a imagem dos produtos de nossos clientes, oferecendo pain\u00e9is frontais modernos e de alta qualidade.[\/vc_column_text][\/vc_column][\/vc_row][vc_row][vc_column][vc_column_text css=&#8221;.vc_custom_1507047586120{margin-bottom: 34px !important;}&#8221;]<\/p>\n<blockquote><p>\u00c9tica, respeito, transpar\u00eancia, compet\u00eancia e valoriza\u00e7\u00e3o de todos os envolvidos na cadeia de neg\u00f3cios gerada pelo nosso trabalho.<\/p><\/blockquote>\n<p>[\/vc_column_text][\/vc_column][\/vc_row][vc_row][vc_column width=&#8221;1\/3&#8243;][vc_custom_heading text=&#8221;Miss\u00e3o&#8221; font_container=&#8221;tag:h4|text_align:left|color:%23222222&#8243; use_theme_fonts=&#8221;yes&#8221; css=&#8221;.vc_custom_1507047654738{margin-bottom: 15px !important;}&#8221; el_class=&#8221;no_stripe&#8221;][vc_column_text]Produzir pain\u00e9is de policarbonato e teclados de membrana, que permitam a intera\u00e7\u00e3o dos usu\u00e1rios com o produto idealizado pelo nosso cliente.[\/vc_column_text][stm_spacing][\/vc_column][vc_column width=&#8221;1\/3&#8243;][vc_custom_heading text=&#8221;Vis\u00e3o&#8221; font_container=&#8221;tag:h4|text_align:left|color:%23222222&#8243; use_theme_fonts=&#8221;yes&#8221; css=&#8221;.vc_custom_1507047959561{margin-bottom: 15px !important;}&#8221; el_class=&#8221;no_stripe&#8221;][vc_column_text]Prospectar o ciclo de vida dos produtos de nosso cliente e de seus usu\u00e1rios, analisando a evolu\u00e7\u00e3o da tecnologia envolvida nesse processo, os produtos similares e substitutivos e as a\u00e7\u00f5es dos concorrentes.<\/p>\n<p>[\/vc_column_text][\/vc_column][vc_column width=&#8221;1\/3&#8243;][vc_custom_heading text=&#8221;Pol\u00edtica de Qualidade&#8221; font_container=&#8221;tag:h4|text_align:left|color:%23222222&#8243; use_theme_fonts=&#8221;yes&#8221; css=&#8221;.vc_custom_1507047989428{margin-bottom: 28px !important;}&#8221; el_class=&#8221;no_stripe&#8221;][vc_column_text]. Atender o n\u00edvel de qualidade desejado pelo cliente;<br \/>\n. Superar a expectativa do cliente em termos de atributos f\u00edsicos do produto, prazo de entrega, suporte t\u00e9cnico, assist\u00eancia t\u00e9cnica e garantia.[\/vc_column_text][\/vc_column][\/vc_row][vc_row][vc_column][vc_text_separator][\/vc_column][\/vc_row][vc_row full_width=&#8221;stretch_row&#8221; el_class=&#8221;third_bg_color&#8221; css=&#8221;.vc_custom_1451889219674{margin-bottom: -60px !important;}&#8221;][vc_column][vc_cta h2=&#8221;Entre em contato para mais detalhes&#8221; h2_font_container=&#8221;font_size:20px|color:%23000000|line_height:24px&#8221; h2_use_theme_fonts=&#8221;yes&#8221; shape=&#8221;square&#8221; style=&#8221;flat&#8221; add_button=&#8221;right&#8221; btn_title=&#8221;Or\u00e7amento&#8221; btn_style=&#8221;flat&#8221; btn_color=&#8221;theme_style_2&#8243; btn_align=&#8221;right&#8221; btn_i_align=&#8221;right&#8221; btn_i_icon_fontawesome=&#8221;fa fa-chevron-right&#8221; use_custom_fonts_h2=&#8221;true&#8221; btn_button_block=&#8221;true&#8221; btn_add_icon=&#8221;true&#8221; el_class=&#8221;third_bg_color&#8221; css=&#8221;.vc_custom_1508115897492{margin-bottom: 0px !important;}&#8221; btn_link=&#8221;url:https%3A%2F%2Fanguloetiquetas.com.br%2Findex.php%2Fcontato%2F|||&#8221;][\/vc_cta][\/vc_column][\/vc_row]<\/p>\n","protected":false},"excerpt":{"rendered":"<p>[vc_row][vc_column][vc_column_text css=&#8221;.vc_custom_1507047572969{margin-top: 40px !important;}&#8221;] Sobre n\u00f3s A Angulo Etiquetas \u00e9 especializada na produ\u00e7\u00e3o de Teclados de Membrana, Pain\u00e9is Frontais e Etiquetas. Idealizada por profissionais com mais de xx anos de atua\u00e7\u00e3o na \u00e1rea de reposi\u00e7\u00e3o e desenvolvimento de pe\u00e7as que fazem a comunica\u00e7\u00e3o do homem com m\u00e1quinas e equipamentos. Atendemos empresas de diversas \u00e1reas de<\/p>\n","protected":false},"author":1,"featured_media":0,"parent":0,"menu_order":0,"comment_status":"closed","ping_status":"closed","template":"","meta":{"footnotes":""},"class_list":["post-9","page","type-page","status-publish","hentry"],"_links":{"self":[{"href":"https:\/\/anguloetiquetas.com.br\/index.php\/wp-json\/wp\/v2\/pages\/9","targetHints":{"allow":["GET"]}}],"collection":[{"href":"https:\/\/anguloetiquetas.com.br\/index.php\/wp-json\/wp\/v2\/pages"}],"about":[{"href":"https:\/\/anguloetiquetas.com.br\/index.php\/wp-json\/wp\/v2\/types\/page"}],"author":[{"embeddable":true,"href":"https:\/\/anguloetiquetas.com.br\/index.php\/wp-json\/wp\/v2\/users\/1"}],"replies":[{"embeddable":true,"href":"https:\/\/anguloetiquetas.com.br\/index.php\/wp-json\/wp\/v2\/comments?post=9"}],"version-history":[{"count":7,"href":"https:\/\/anguloetiquetas.com.br\/index.php\/wp-json\/wp\/v2\/pages\/9\/revisions"}],"predecessor-version":[{"id":1677,"href":"https:\/\/anguloetiquetas.com.br\/index.php\/wp-json\/wp\/v2\/pages\/9\/revisions\/1677"}],"wp:attachment":[{"href":"https:\/\/anguloetiquetas.com.br\/index.php\/wp-json\/wp\/v2\/media?parent=9"}],"curies":[{"name":"wp","href":"https:\/\/api.w.org\/{rel}","templated":true}]}}