{"id":979,"date":"2016-02-19T06:35:00","date_gmt":"2016-02-19T06:35:00","guid":{"rendered":"http:\/\/demo2.loc\/?page_id=979"},"modified":"2020-05-12T02:01:22","modified_gmt":"2020-05-12T02:01:22","slug":"home-2","status":"publish","type":"page","link":"https:\/\/anguloetiquetas.com.br\/","title":{"rendered":"home"},"content":{"rendered":"<p>[vc_row full_width=&#8221;stretch_row_content&#8221; full_height=&#8221;yes&#8221; content_placement=&#8221;middle&#8221; video_bg=&#8221;yes&#8221; video_bg_url=&#8221;https:\/\/www.youtube.com\/watch?v=hgJnnMcSQNA&#8221; css=&#8221;.vc_custom_1589249794316{margin-right: -60px !important;margin-bottom: 0px !important;margin-left: -60px !important;background-position: center !important;background-repeat: no-repeat !important;background-size: cover !important;}&#8221;][vc_column width=&#8221;1\/2&#8243; css=&#8221;.vc_custom_1469617597985{padding-right: 0px !important;padding-left: 0px !important;}&#8221;][\/vc_column][vc_column width=&#8221;1\/2&#8243;][vc_column_text]<\/p>\n<h3 style=\"text-align: center;\"><span style=\"color: #ffffff;\">ETIQUETAS E MEMBRANAS<\/span><\/h3>\n<p>[\/vc_column_text][\/vc_column][\/vc_row][vc_row full_width=&#8221;stretch_row&#8221; el_class=&#8221;stm_secondary_bg_color&#8221; css=&#8221;.vc_custom_1469683904486{margin-top: -110px !important;padding-top: 19px !important;padding-bottom: 34px !important;}&#8221;][vc_column width=&#8221;2\/3&#8243;][vc_column_text]<\/p>\n<h3 class=\"no_stripe\" style=\"font-size: 30px; font-weight: bold;\"><span style=\"color: #ffffff;\">Solu\u00e7\u00f5es modernas para todo mercado.<br \/>\n<\/span><mark> Para diferentes aplica\u00e7\u00f5es.<\/mark><\/h3>\n<p>[\/vc_column_text][\/vc_column][vc_column width=&#8221;1\/3&#8243; css=&#8221;.vc_custom_1469683867748{margin-top: 14px !important;}&#8221;][vc_btn title=&#8221;Or\u00e7amento&#8221; style=&#8221;outline&#8221; color=&#8221;primary&#8221; align=&#8221;right&#8221; i_align=&#8221;right&#8221; i_icon_fontawesome=&#8221;stm-stm14-arrow&#8221; add_icon=&#8221;true&#8221; link=&#8221;url:https%3A%2F%2Fanguloetiquetas.com.br%2Findex.php%2Fcontato%2F|||&#8221;][\/vc_column][\/vc_row][vc_row][vc_column][stm_spacing][\/vc_column][\/vc_row][vc_row full_height=&#8221;yes&#8221; css=&#8221;.vc_custom_1507581468094{padding-top: 8vh !important;padding-bottom: 8vh !important;}&#8221;][vc_column][vc_custom_heading text=&#8221;Servi\u00e7os&#8221; font_container=&#8221;tag:h1|font_size:36|text_align:left&#8221; use_theme_fonts=&#8221;yes&#8221; el_class=&#8221;stm_base_font&#8221; css=&#8221;.vc_custom_1506972577199{margin-bottom: 7vh !important;}&#8221;][vc_row_inner][vc_column_inner width=&#8221;1\/4&#8243;][stm_icon_box hide_title_line=&#8221;hide_title_line&#8221; icon=&#8221;stm-ppl_outline&#8221; icon_size=&#8221;36&#8243; icon_color=&#8221;secondary&#8221; title=&#8221;Convertedor Autorizado&#8221; title_font_size=&#8221;16&#8243;]Somos convertedores autorizados 3M.<br \/>\nIsto significa que temos \u00e0 nossa disposi\u00e7\u00e3o todo aparato tecnol\u00f3gico para a solu\u00e7\u00e3o de necessidades que nossos clientes possam ter.[\/stm_icon_box][stm_icon_box hide_title_line=&#8221;hide_title_line&#8221; icon=&#8221;fa fa-cogs&#8221; icon_size=&#8221;36&#8243; icon_color=&#8221;secondary&#8221; title=&#8221;Desenvolvimento&#8221; title_font_size=&#8221;16&#8243;]Equipe altamente qualificada para interpretar as necessidades de seus clientes. Desde uma simples etiqueta at\u00e9 um complexo circuito para teclado de membrana com componentes.[\/stm_icon_box][\/vc_column_inner][vc_column_inner width=&#8221;1\/4&#8243;][stm_icon_box hide_title_line=&#8221;hide_title_line&#8221; icon=&#8221;stm-check&#8221; icon_size=&#8221;36&#8243; icon_color=&#8221;secondary&#8221; title=&#8221;Impress\u00e3o Serigr\u00e1fica&#8221; title_font_size=&#8221;16&#8243;]Trabalhamos com o que h\u00e1 de mais moderno na \u00e1rea serigr\u00e1fica, devido \u00e0 precis\u00e3o t\u00e9cnica exigida na fabrica\u00e7\u00e3o de painel de policarbonato e teclado de membrana.[\/stm_icon_box][stm_icon_box hide_title_line=&#8221;hide_title_line&#8221; icon=&#8221;fa fa-scissors&#8221; icon_size=&#8221;36&#8243; icon_color=&#8221;secondary&#8221; title=&#8221;Plotter de Recorte&#8221; title_font_size=&#8221;16&#8243;]A Impress\u00e3o investe em novas tecnologias e agora disp\u00f5e de uma das mais modernas dispon\u00edveis para a \u00e1rea de corte. As l\u00e2minas s\u00e3o capazes de cortar diversos materiais.[\/stm_icon_box][\/vc_column_inner][vc_column_inner width=&#8221;1\/4&#8243;][stm_icon_box hide_title_line=&#8221;hide_title_line&#8221; icon=&#8221;stm-lamp6&#8243; icon_size=&#8221;36&#8243; icon_color=&#8221;secondary&#8221; title=&#8221;Corte a Laser&#8221; title_font_size=&#8221;16&#8243;]A Impress\u00e3o disp\u00f5e de uma m\u00e1quina de corte onde \u00e9 poss\u00edvel cortar a maioria dos pol\u00edmeros utilizados no nosso dia a dia. O formato de corte \u00e9 ilimitado para este tipo de tecnologia.[\/stm_icon_box][stm_icon_box hide_title_line=&#8221;hide_title_line&#8221; icon=&#8221;fa fa-qrcode&#8221; icon_size=&#8221;36&#8243; icon_color=&#8221;secondary&#8221; title=&#8221;Impress\u00e3o Digital&#8221; title_font_size=&#8221;16&#8243;]A impress\u00e3o de dados vari\u00e1veis como c\u00f3digos de barras e numera\u00e7\u00e3o de s\u00e9rie de equipamentos \u00e9 uma op\u00e7\u00e3o dispon\u00edvel nesta tecnologia, al\u00e9m de gradientes de cor, fotos, etc.[\/stm_icon_box][\/vc_column_inner][vc_column_inner width=&#8221;1\/4&#8243;][stm_icon_box hide_title_line=&#8221;hide_title_line&#8221; icon=&#8221;fa fa-ellipsis-h&#8221; icon_size=&#8221;36&#8243; icon_color=&#8221;secondary&#8221; title=&#8221;Padroniza\u00e7\u00e3o&#8221; title_font_size=&#8221;16&#8243;]A Impress\u00e3o prioriza a padroniza\u00e7\u00e3o de seus processos. Nossas cores obedecem aos padr\u00f5es Pantone\u00ae e Ral\u00ae, para a\u00a0 fabrica\u00e7\u00e3o de painel de policarbonato, teclado de membrana e etiquetas.[\/stm_icon_box][stm_icon_box hide_title_line=&#8221;hide_title_line&#8221; icon=&#8221;stm-stm14_bulb&#8221; icon_size=&#8221;36&#8243; icon_color=&#8221;secondary&#8221; title=&#8221;Impress\u00e3o Personalizada&#8221; title_font_size=&#8221;16&#8243;]Voc\u00ea est\u00e1 procurando uma solu\u00e7\u00e3o \u00fanica? Deixe-nos saber quais s\u00e3o seus requisitos e podemos faz\u00ea-lo acontecer.Consulte nossa equipe para impress\u00f5es personalizadas[\/stm_icon_box][\/vc_column_inner][\/vc_row_inner][\/vc_column][\/vc_row][vc_row full_width=&#8221;stretch_row&#8221; css=&#8221;.vc_custom_1536793997578{padding: 6vh !important;background-color: #3178bf !important;background-position: center !important;background-repeat: no-repeat !important;background-size: cover !important;}&#8221; el_class=&#8221;stm_base_bg_color&#8221;][vc_column][vc_custom_heading text=&#8221;A Angulo Etiquetas&#8221; font_container=&#8221;tag:h1|font_size:36|text_align:left|color:%23ffffff&#8221; use_theme_fonts=&#8221;yes&#8221; css=&#8221;.vc_custom_1507311843114{margin-bottom: 7vh !important;}&#8221;][vc_row_inner css=&#8221;.vc_custom_1507581623337{padding-bottom: 4vh !important;}&#8221;][vc_column_inner width=&#8221;1\/3&#8243;][stm_info_box icon=&#8221;stm-stm14-arrow&#8221; title=&#8221;Empresa&#8221; image=&#8221;1688&#8243; vc_image_size=&#8221;330&#215;220&#8243; link=&#8221;url:https%3A%2F%2Fanguloetiquetas.com.br%2Findex.php%2Fsobre-nos%2F|title:Saiba%20Mais||&#8221;]<\/p>\n<h4><span style=\"color: #ffffff;\">Contamos com ampla e moderna infraestrutura, equipamentos e sistemas de alta tecnologia, equipe de profissionais especializados e produtos de qualidade.<\/span><\/h4>\n<p>[\/stm_info_box][vc_empty_space height=&#8221;64&#8243;][\/vc_column_inner][vc_column_inner width=&#8221;1\/3&#8243;][stm_info_box icon=&#8221;stm-stm14-arrow&#8221; title=&#8221;Qualidade&#8221; image=&#8221;1690&#8243; vc_image_size=&#8221;330&#215;220&#8243; link=&#8221;url:https%3A%2F%2Fanguloetiquetas.com.br%2Findex.php%2Fsobre-nos%2F|title:Saiba%20Mais||&#8221;]<\/p>\n<h4><span style=\"color: #ffffff;\">Buscamos a melhoria cont\u00ednua da qualidade de produtos e servi\u00e7os, al\u00e9m de superar a expectativa do cliente, no prazo de entrega, suporte t\u00e9cnico e garantia.<\/span><\/h4>\n<p>[\/stm_info_box][\/vc_column_inner][vc_column_inner width=&#8221;1\/3&#8243;][stm_info_box icon=&#8221;stm-stm14-arrow&#8221; title=&#8221;Atendimento&#8221; image=&#8221;1687&#8243; vc_image_size=&#8221;330&#215;220&#8243; link=&#8221;url:https%3A%2F%2Fanguloetiquetas.com.br%2Findex.php%2Fcontat|title:Saiba%20Mais||&#8221;]<\/p>\n<h4><span style=\"color: #ffffff;\">Possu\u00edmos equipe especializada para o atendimento, proporcionando a melhor op\u00e7\u00e3o as necessidades dos clientes com as caracter\u00edsticas dos produtos.<\/span><\/h4>\n<p>[\/stm_info_box][\/vc_column_inner][\/vc_row_inner][\/vc_column][\/vc_row][vc_row full_width=&#8221;stretch_row&#8221; el_class=&#8221;stm_secondary_bg&#8221; css=&#8221;.vc_custom_1470045326914{margin-top: -154px !important;padding-top: 48px !important;padding-bottom: 57px !important;}&#8221;][vc_column width=&#8221;1\/4&#8243;][stm_stats_counter counter_value=&#8221; 100&#8243; counter_value_pre=&#8221; &#8221; counter_value_suf=&#8221;%&#8221; title=&#8221;Excelente atendimento&#8221;][\/vc_column][vc_column width=&#8221;1\/4&#8243;][stm_stats_counter counter_value=&#8221;100&#8243; counter_value_suf=&#8221;%&#8221; title=&#8221;Qualidade&#8221;][\/vc_column][vc_column width=&#8221;1\/4&#8243;][stm_stats_counter counter_value=&#8221;100&#8243; counter_value_suf=&#8221;%&#8221; title=&#8221;Rapidez&#8221;][\/vc_column][vc_column width=&#8221;1\/4&#8243;][stm_stats_counter counter_value=&#8221;100&#8243; counter_value_suf=&#8221;%&#8221; title=&#8221;P\u00f3s venda&#8221;][\/vc_column][\/vc_row][vc_row][vc_column][stm_image_carousel h_centered=&#8221;yes&#8221; img_size=&#8221;full&#8221; autoplay=&#8221;yes&#8221; loop=&#8221;yes&#8221; items=&#8221;3&#8243; images=&#8221;1491,1641,1640,1636,1634,1632,1631,1630,1628,1627,1626&#8243;][\/vc_column][\/vc_row]<\/p>\n","protected":false},"excerpt":{"rendered":"<p>[vc_row full_width=&#8221;stretch_row_content&#8221; full_height=&#8221;yes&#8221; content_placement=&#8221;middle&#8221; video_bg=&#8221;yes&#8221; video_bg_url=&#8221;https:\/\/www.youtube.com\/watch?v=hgJnnMcSQNA&#8221; css=&#8221;.vc_custom_1589249794316{margin-right: -60px !important;margin-bottom: 0px !important;margin-left: -60px !important;background-position: center !important;background-repeat: no-repeat !important;background-size: cover !important;}&#8221;][vc_column width=&#8221;1\/2&#8243; css=&#8221;.vc_custom_1469617597985{padding-right: 0px !important;padding-left: 0px !important;}&#8221;][\/vc_column][vc_column width=&#8221;1\/2&#8243;][vc_column_text] ETIQUETAS E MEMBRANAS [\/vc_column_text][\/vc_column][\/vc_row][vc_row full_width=&#8221;stretch_row&#8221; el_class=&#8221;stm_secondary_bg_color&#8221; css=&#8221;.vc_custom_1469683904486{margin-top: -110px !important;padding-top: 19px !important;padding-bottom: 34px !important;}&#8221;][vc_column width=&#8221;2\/3&#8243;][vc_column_text] Solu\u00e7\u00f5es modernas para todo mercado. Para diferentes aplica\u00e7\u00f5es. [\/vc_column_text][\/vc_column][vc_column width=&#8221;1\/3&#8243; css=&#8221;.vc_custom_1469683867748{margin-top: 14px !important;}&#8221;][vc_btn title=&#8221;Or\u00e7amento&#8221; style=&#8221;outline&#8221;<\/p>\n","protected":false},"author":1,"featured_media":0,"parent":0,"menu_order":0,"comment_status":"closed","ping_status":"closed","template":"","meta":{"footnotes":""},"class_list":["post-979","page","type-page","status-publish","hentry"],"_links":{"self":[{"href":"https:\/\/anguloetiquetas.com.br\/index.php\/wp-json\/wp\/v2\/pages\/979","targetHints":{"allow":["GET"]}}],"collection":[{"href":"https:\/\/anguloetiquetas.com.br\/index.php\/wp-json\/wp\/v2\/pages"}],"about":[{"href":"https:\/\/anguloetiquetas.com.br\/index.php\/wp-json\/wp\/v2\/types\/page"}],"author":[{"embeddable":true,"href":"https:\/\/anguloetiquetas.com.br\/index.php\/wp-json\/wp\/v2\/users\/1"}],"replies":[{"embeddable":true,"href":"https:\/\/anguloetiquetas.com.br\/index.php\/wp-json\/wp\/v2\/comments?post=979"}],"version-history":[{"count":51,"href":"https:\/\/anguloetiquetas.com.br\/index.php\/wp-json\/wp\/v2\/pages\/979\/revisions"}],"predecessor-version":[{"id":1724,"href":"https:\/\/anguloetiquetas.com.br\/index.php\/wp-json\/wp\/v2\/pages\/979\/revisions\/1724"}],"wp:attachment":[{"href":"https:\/\/anguloetiquetas.com.br\/index.php\/wp-json\/wp\/v2\/media?parent=979"}],"curies":[{"name":"wp","href":"https:\/\/api.w.org\/{rel}","templated":true}]}}